{"id":12452,"date":"2023-09-06T15:25:51","date_gmt":"2023-09-06T15:25:51","guid":{"rendered":"https:\/\/pogrzeby-marcol.pl\/?page_id=12452"},"modified":"2023-10-23T15:39:47","modified_gmt":"2023-10-23T15:39:47","slug":"e-klepsydra","status":"publish","type":"page","link":"http:\/\/pogrzeby-marcol.pl\/?page_id=12452","title":{"rendered":"E-klepsydra"},"content":{"rendered":"\t\t<div data-elementor-type=\"wp-page\" data-elementor-id=\"12452\" class=\"elementor elementor-12452\">\n\t\t\t\t\t\t<section class=\"elementor-section elementor-top-section elementor-element elementor-element-93a1df9 elementor-section-stretched elementor-section-boxed elementor-section-height-default elementor-section-height-default\" data-id=\"93a1df9\" data-element_type=\"section\" data-settings=\"{&quot;stretch_section&quot;:&quot;section-stretched&quot;}\">\n\t\t\t\t\t\t\t<div class=\"elementor-background-overlay\"><\/div>\n\t\t\t\t\t\t\t<div class=\"elementor-container elementor-column-gap-default\">\n\t\t\t\t\t<div class=\"elementor-column elementor-col-100 elementor-top-column elementor-element elementor-element-9e44c4f\" data-id=\"9e44c4f\" data-element_type=\"column\">\n\t\t\t<div class=\"elementor-widget-wrap elementor-element-populated\">\n\t\t\t\t\t\t<div class=\"elementor-element elementor-element-8cdecb2 elementor-widget elementor-widget-heading\" data-id=\"8cdecb2\" data-element_type=\"widget\" data-widget_type=\"heading.default\">\n\t\t\t\t<div class=\"elementor-widget-container\">\n\t\t\t\t\t<h2 class=\"elementor-heading-title elementor-size-default\">E-klepsydra <\/h2>\t\t\t\t<\/div>\n\t\t\t\t<\/div>\n\t\t\t\t<div class=\"elementor-element elementor-element-018b06e elementor-widget elementor-widget-spacer\" data-id=\"018b06e\" data-element_type=\"widget\" data-widget_type=\"spacer.default\">\n\t\t\t\t<div class=\"elementor-widget-container\">\n\t\t\t\t\t\t\t<div class=\"elementor-spacer\">\n\t\t\t<div class=\"elementor-spacer-inner\"><\/div>\n\t\t<\/div>\n\t\t\t\t\t\t<\/div>\n\t\t\t\t<\/div>\n\t\t\t\t<div class=\"elementor-element elementor-element-89f30c6 elementor-widget elementor-widget-heading\" data-id=\"89f30c6\" data-element_type=\"widget\" data-widget_type=\"heading.default\">\n\t\t\t\t<div class=\"elementor-widget-container\">\n\t\t\t\t\t<h2 class=\"elementor-heading-title elementor-size-default\">Czym jest elektroniczne powiadomienie?<\/h2>\t\t\t\t<\/div>\n\t\t\t\t<\/div>\n\t\t\t\t<div class=\"elementor-element elementor-element-8c13776 elementor-widget-divider--view-line elementor-widget elementor-widget-divider\" data-id=\"8c13776\" data-element_type=\"widget\" data-widget_type=\"divider.default\">\n\t\t\t\t<div class=\"elementor-widget-container\">\n\t\t\t\t\t\t\t<div class=\"elementor-divider\">\n\t\t\t<span class=\"elementor-divider-separator\">\n\t\t\t\t\t\t<\/span>\n\t\t<\/div>\n\t\t\t\t\t\t<\/div>\n\t\t\t\t<\/div>\n\t\t\t\t<div class=\"elementor-element elementor-element-b9bfe45 elementor-widget elementor-widget-text-editor\" data-id=\"b9bfe45\" data-element_type=\"widget\" data-widget_type=\"text-editor.default\">\n\t\t\t\t<div class=\"elementor-widget-container\">\n\t\t\t\t\t\t\t\t\t<p>Nasz zak\u0142ad pogrzebowy korzysta z <b>elektronicznego powiadomienia eKlepsydra<\/b>, nazywanego elektronicznym powiadomieniem pogrzebowym lub elektronicznym nekrologiem. Jest to proste i nowoczesne narz\u0119dzie, kt\u00f3re umo\u017cliwia szybkie powiadomienie o stracie bliskiej osoby i przekazanie szczeg\u00f3\u0142\u00f3w dotycz\u0105cych pogrzebu wszystkim cz\u0142onkom rodziny, przyjacio\u0142om, znajomym, wsp\u00f3\u0142pracownikom osoby zmar\u0142ej. Nawet, je\u015bli nie utrzymujemy z nimi sta\u0142ego i bezpo\u015bredniego kontaktu lub mieszkaj\u0105 w r\u00f3\u017cnych miejscach na \u015bwiecie.<\/p><p>Spersonalizowany elektroniczny nekrolog pomaga przekaza\u0107 informacje o dacie, godzinie i miejscu pogrzebu. eKlepsydra mo\u017ce by\u0107 przes\u0142ana do rodziny, przyjaci\u00f3\u0142 i znajomych, nawet je\u015bli nie mamy z\u00a0nimi kontaktu od d\u0142u\u017cszego czasu.<\/p>\t\t\t\t\t\t\t\t<\/div>\n\t\t\t\t<\/div>\n\t\t\t\t\t<\/div>\n\t\t<\/div>\n\t\t\t\t\t<\/div>\n\t\t<\/section>\n\t\t\t\t<section class=\"elementor-section elementor-top-section elementor-element elementor-element-3b0938b elementor-section-stretched elementor-section-boxed elementor-section-height-default elementor-section-height-default\" data-id=\"3b0938b\" data-element_type=\"section\" data-settings=\"{&quot;stretch_section&quot;:&quot;section-stretched&quot;}\">\n\t\t\t\t\t\t<div class=\"elementor-container elementor-column-gap-default\">\n\t\t\t\t\t<div class=\"elementor-column elementor-col-50 elementor-top-column elementor-element elementor-element-eb290f0\" data-id=\"eb290f0\" data-element_type=\"column\" data-settings=\"{&quot;background_background&quot;:&quot;classic&quot;}\">\n\t\t\t<div class=\"elementor-widget-wrap elementor-element-populated\">\n\t\t\t\t\t\t<div class=\"elementor-element elementor-element-7e40328 elementor-widget elementor-widget-image\" data-id=\"7e40328\" data-element_type=\"widget\" data-widget_type=\"image.default\">\n\t\t\t\t<div class=\"elementor-widget-container\">\n\t\t\t\t\t\t\t\t\t\t\t\t\t\t\t<img fetchpriority=\"high\" decoding=\"async\" width=\"948\" height=\"1721\" src=\"http:\/\/pogrzeby-marcol.pl\/wp-content\/uploads\/2023\/09\/E-klepsydra.png\" class=\"attachment-full size-full wp-image-12455\" alt=\"e-klepsydra\" srcset=\"http:\/\/pogrzeby-marcol.pl\/wp-content\/uploads\/2023\/09\/E-klepsydra.png 948w, http:\/\/pogrzeby-marcol.pl\/wp-content\/uploads\/2023\/09\/E-klepsydra-165x300.png 165w, http:\/\/pogrzeby-marcol.pl\/wp-content\/uploads\/2023\/09\/E-klepsydra-564x1024.png 564w, http:\/\/pogrzeby-marcol.pl\/wp-content\/uploads\/2023\/09\/E-klepsydra-768x1394.png 768w, http:\/\/pogrzeby-marcol.pl\/wp-content\/uploads\/2023\/09\/E-klepsydra-846x1536.png 846w\" sizes=\"(max-width: 948px) 100vw, 948px\" \/>\t\t\t\t\t\t\t\t\t\t\t\t\t\t\t<\/div>\n\t\t\t\t<\/div>\n\t\t\t\t\t<\/div>\n\t\t<\/div>\n\t\t\t\t<div class=\"elementor-column elementor-col-50 elementor-top-column elementor-element elementor-element-e967c52\" data-id=\"e967c52\" data-element_type=\"column\">\n\t\t\t<div class=\"elementor-widget-wrap elementor-element-populated\">\n\t\t\t\t\t\t<div class=\"elementor-element elementor-element-5e5e4b6 elementor-widget elementor-widget-heading\" data-id=\"5e5e4b6\" data-element_type=\"widget\" data-widget_type=\"heading.default\">\n\t\t\t\t<div class=\"elementor-widget-container\">\n\t\t\t\t\t<h2 class=\"elementor-heading-title elementor-size-default\">Co zawiera elektroniczny nekrolog?<\/h2>\t\t\t\t<\/div>\n\t\t\t\t<\/div>\n\t\t\t\t<div class=\"elementor-element elementor-element-6980624 elementor-widget elementor-widget-text-editor\" data-id=\"6980624\" data-element_type=\"widget\" data-widget_type=\"text-editor.default\">\n\t\t\t\t<div class=\"elementor-widget-container\">\n\t\t\t\t\t\t\t\t\t<ul><li>dat\u0119 i godzin\u0119 wydarze\u0144 takich jak: ostatnie po\u017cegnanie, r\u00f3\u017caniec, ko\u015bci\u00f3\u0142, pogrzeb wraz z\u00a0ich dat\u0105 i\u00a0godzin\u0105<\/li><li>kr\u00f3tki opis wydarzenia wraz z\u00a0praktycznymi informacjami organizacyjnymi takimi jak na\u00a0przyk\u0142ad transport zorganizowany<\/li><li>adres wydarzenia<\/li><\/ul>\t\t\t\t\t\t\t\t<\/div>\n\t\t\t\t<\/div>\n\t\t\t\t\t<\/div>\n\t\t<\/div>\n\t\t\t\t\t<\/div>\n\t\t<\/section>\n\t\t\t\t<section class=\"elementor-section elementor-top-section elementor-element elementor-element-98d7249 elementor-section-stretched elementor-section-boxed elementor-section-height-default elementor-section-height-default\" data-id=\"98d7249\" data-element_type=\"section\" data-settings=\"{&quot;stretch_section&quot;:&quot;section-stretched&quot;}\">\n\t\t\t\t\t\t<div class=\"elementor-container elementor-column-gap-default\">\n\t\t\t\t\t<div class=\"elementor-column elementor-col-100 elementor-top-column elementor-element elementor-element-1d6be47\" data-id=\"1d6be47\" data-element_type=\"column\">\n\t\t\t<div class=\"elementor-widget-wrap elementor-element-populated\">\n\t\t\t\t\t\t<div class=\"elementor-element elementor-element-e44a06b elementor-widget elementor-widget-text-editor\" data-id=\"e44a06b\" data-element_type=\"widget\" data-widget_type=\"text-editor.default\">\n\t\t\t\t<div class=\"elementor-widget-container\">\n\t\t\t\t\t\t\t\t\t<p>Atutem eKlepsydry jest jej <b>niezwykle osobisty charakter<\/b> i mo\u017cliwo\u015b\u0107 \u0142atwego udost\u0119pnienia powiadomienia konkretnym osobom.<\/p><p><b>Powiadomienie ma form\u0119 wiadomo\u015bci SMS lub e-mail<\/b>. Zawarty w nich interaktywny link prowadzi do specjalnej, spersonalizowanej strony internetowej (elektronicznego nekrologu) zawieraj\u0105cego m.in. zdj\u0119cie osoby zmar\u0142ej, imi\u0119 i nazwisko, miejsce po\u017cegnania, miejsce poch\u00f3wku, miejsce konsolacji wraz z interaktywnymi mapkami dojazdu do poszczeg\u00f3lnych lokalizacji. Mo\u017cliwe jest r\u00f3wnie\u017c zamieszczenie specjalnej notki od Rodziny \u2013 na przyk\u0142ad pro\u015bby o niesk\u0142adanie kondolencji. eKlepsydra umo\u017cliwia tak\u017ce przekazanie kondolencji, podzielenie si\u0119 wspomnieniami.<\/p><p>eKlepsydra pomaga pami\u0119ta\u0107 o wszystkich istotnych szczeg\u00f3\u0142ach dotycz\u0105cych pogrzebu oraz wspomina\u0107 zmar\u0142ego.<\/p>\t\t\t\t\t\t\t\t<\/div>\n\t\t\t\t<\/div>\n\t\t\t\t\t<\/div>\n\t\t<\/div>\n\t\t\t\t\t<\/div>\n\t\t<\/section>\n\t\t\t\t<\/div>\n\t\t","protected":false},"excerpt":{"rendered":"<p>E-klepsydra Czym jest elektroniczne powiadomienie? Nasz zak\u0142ad pogrzebowy korzysta z&hellip;<\/p>\n<p> <a class=\"more-link\" href=\"http:\/\/pogrzeby-marcol.pl\/?page_id=12452\">Dowiedz si\u0119 wi\u0119cej<\/a><\/p>\n","protected":false},"author":1,"featured_media":0,"parent":0,"menu_order":0,"comment_status":"closed","ping_status":"closed","template":"","meta":{"footnotes":""},"class_list":["post-12452","page","type-page","status-publish"],"yoast_head":"<!-- This site is optimized with the Yoast SEO plugin v25.3.1 - https:\/\/yoast.com\/wordpress\/plugins\/seo\/ -->\n<title>E-klepsydra - Marcol<\/title>\n<meta name=\"description\" content=\"eKlepsydra to internetowa us\u0142uga, kt\u00f3ra pomo\u017ce Ci w prosty spos\u00f3b poinformowa\u0107 o \u015bmierci oraz ceremonii pogrzebowej wszystkie wa\u017cne osoby.\" \/>\n<meta name=\"robots\" content=\"index, follow, max-snippet:-1, max-image-preview:large, max-video-preview:-1\" \/>\n<link rel=\"canonical\" href=\"https:\/\/pogrzeby-marcol.pl\/?page_id=12452\" \/>\n<meta property=\"og:locale\" content=\"pl_PL\" \/>\n<meta property=\"og:type\" content=\"article\" \/>\n<meta property=\"og:title\" content=\"E-klepsydra - Marcol\" \/>\n<meta property=\"og:description\" content=\"eKlepsydra to internetowa us\u0142uga, kt\u00f3ra pomo\u017ce Ci w prosty spos\u00f3b poinformowa\u0107 o \u015bmierci oraz ceremonii pogrzebowej wszystkie wa\u017cne osoby.\" \/>\n<meta property=\"og:url\" content=\"https:\/\/pogrzeby-marcol.pl\/?page_id=12452\" \/>\n<meta property=\"og:site_name\" content=\"Marcol\" \/>\n<meta property=\"article:modified_time\" content=\"2023-10-23T15:39:47+00:00\" \/>\n<meta property=\"og:image\" content=\"http:\/\/pogrzeby-marcol.pl\/wp-content\/uploads\/2023\/09\/E-klepsydra.png\" \/>\n<meta name=\"twitter:card\" content=\"summary_large_image\" \/>\n<meta name=\"twitter:label1\" content=\"Szacowany czas czytania\" \/>\n\t<meta name=\"twitter:data1\" content=\"2 minuty\" \/>\n<script type=\"application\/ld+json\" class=\"yoast-schema-graph\">{\"@context\":\"https:\/\/schema.org\",\"@graph\":[{\"@type\":\"WebPage\",\"@id\":\"https:\/\/pogrzeby-marcol.pl\/?page_id=12452\",\"url\":\"https:\/\/pogrzeby-marcol.pl\/?page_id=12452\",\"name\":\"E-klepsydra - Marcol\",\"isPartOf\":{\"@id\":\"http:\/\/pogrzeby-marcol.pl\/#website\"},\"primaryImageOfPage\":{\"@id\":\"https:\/\/pogrzeby-marcol.pl\/?page_id=12452#primaryimage\"},\"image\":{\"@id\":\"https:\/\/pogrzeby-marcol.pl\/?page_id=12452#primaryimage\"},\"thumbnailUrl\":\"http:\/\/pogrzeby-marcol.pl\/wp-content\/uploads\/2023\/09\/E-klepsydra.png\",\"datePublished\":\"2023-09-06T15:25:51+00:00\",\"dateModified\":\"2023-10-23T15:39:47+00:00\",\"description\":\"eKlepsydra to internetowa us\u0142uga, kt\u00f3ra pomo\u017ce Ci w prosty spos\u00f3b poinformowa\u0107 o \u015bmierci oraz ceremonii pogrzebowej wszystkie wa\u017cne osoby.\",\"breadcrumb\":{\"@id\":\"https:\/\/pogrzeby-marcol.pl\/?page_id=12452#breadcrumb\"},\"inLanguage\":\"pl-PL\",\"potentialAction\":[{\"@type\":\"ReadAction\",\"target\":[\"https:\/\/pogrzeby-marcol.pl\/?page_id=12452\"]}]},{\"@type\":\"ImageObject\",\"inLanguage\":\"pl-PL\",\"@id\":\"https:\/\/pogrzeby-marcol.pl\/?page_id=12452#primaryimage\",\"url\":\"http:\/\/pogrzeby-marcol.pl\/wp-content\/uploads\/2023\/09\/E-klepsydra.png\",\"contentUrl\":\"http:\/\/pogrzeby-marcol.pl\/wp-content\/uploads\/2023\/09\/E-klepsydra.png\",\"width\":948,\"height\":1721,\"caption\":\"e-klepsydra\"},{\"@type\":\"BreadcrumbList\",\"@id\":\"https:\/\/pogrzeby-marcol.pl\/?page_id=12452#breadcrumb\",\"itemListElement\":[{\"@type\":\"ListItem\",\"position\":1,\"name\":\"Strona g\u0142\u00f3wna\",\"item\":\"http:\/\/pogrzeby-marcol.pl\/\"},{\"@type\":\"ListItem\",\"position\":2,\"name\":\"E-klepsydra\"}]},{\"@type\":\"WebSite\",\"@id\":\"http:\/\/pogrzeby-marcol.pl\/#website\",\"url\":\"http:\/\/pogrzeby-marcol.pl\/\",\"name\":\"Marcol\",\"description\":\"Zak\u0142ad Pogrzebowy\",\"potentialAction\":[{\"@type\":\"SearchAction\",\"target\":{\"@type\":\"EntryPoint\",\"urlTemplate\":\"http:\/\/pogrzeby-marcol.pl\/?s={search_term_string}\"},\"query-input\":{\"@type\":\"PropertyValueSpecification\",\"valueRequired\":true,\"valueName\":\"search_term_string\"}}],\"inLanguage\":\"pl-PL\"}]}<\/script>\n<!-- \/ Yoast SEO plugin. -->","yoast_head_json":{"title":"E-klepsydra - Marcol","description":"eKlepsydra to internetowa us\u0142uga, kt\u00f3ra pomo\u017ce Ci w prosty spos\u00f3b poinformowa\u0107 o \u015bmierci oraz ceremonii pogrzebowej wszystkie wa\u017cne osoby.","robots":{"index":"index","follow":"follow","max-snippet":"max-snippet:-1","max-image-preview":"max-image-preview:large","max-video-preview":"max-video-preview:-1"},"canonical":"https:\/\/pogrzeby-marcol.pl\/?page_id=12452","og_locale":"pl_PL","og_type":"article","og_title":"E-klepsydra - Marcol","og_description":"eKlepsydra to internetowa us\u0142uga, kt\u00f3ra pomo\u017ce Ci w prosty spos\u00f3b poinformowa\u0107 o \u015bmierci oraz ceremonii pogrzebowej wszystkie wa\u017cne osoby.","og_url":"https:\/\/pogrzeby-marcol.pl\/?page_id=12452","og_site_name":"Marcol","article_modified_time":"2023-10-23T15:39:47+00:00","og_image":[{"url":"http:\/\/pogrzeby-marcol.pl\/wp-content\/uploads\/2023\/09\/E-klepsydra.png","type":"","width":"","height":""}],"twitter_card":"summary_large_image","twitter_misc":{"Szacowany czas czytania":"2 minuty"},"schema":{"@context":"https:\/\/schema.org","@graph":[{"@type":"WebPage","@id":"https:\/\/pogrzeby-marcol.pl\/?page_id=12452","url":"https:\/\/pogrzeby-marcol.pl\/?page_id=12452","name":"E-klepsydra - Marcol","isPartOf":{"@id":"http:\/\/pogrzeby-marcol.pl\/#website"},"primaryImageOfPage":{"@id":"https:\/\/pogrzeby-marcol.pl\/?page_id=12452#primaryimage"},"image":{"@id":"https:\/\/pogrzeby-marcol.pl\/?page_id=12452#primaryimage"},"thumbnailUrl":"http:\/\/pogrzeby-marcol.pl\/wp-content\/uploads\/2023\/09\/E-klepsydra.png","datePublished":"2023-09-06T15:25:51+00:00","dateModified":"2023-10-23T15:39:47+00:00","description":"eKlepsydra to internetowa us\u0142uga, kt\u00f3ra pomo\u017ce Ci w prosty spos\u00f3b poinformowa\u0107 o \u015bmierci oraz ceremonii pogrzebowej wszystkie wa\u017cne osoby.","breadcrumb":{"@id":"https:\/\/pogrzeby-marcol.pl\/?page_id=12452#breadcrumb"},"inLanguage":"pl-PL","potentialAction":[{"@type":"ReadAction","target":["https:\/\/pogrzeby-marcol.pl\/?page_id=12452"]}]},{"@type":"ImageObject","inLanguage":"pl-PL","@id":"https:\/\/pogrzeby-marcol.pl\/?page_id=12452#primaryimage","url":"http:\/\/pogrzeby-marcol.pl\/wp-content\/uploads\/2023\/09\/E-klepsydra.png","contentUrl":"http:\/\/pogrzeby-marcol.pl\/wp-content\/uploads\/2023\/09\/E-klepsydra.png","width":948,"height":1721,"caption":"e-klepsydra"},{"@type":"BreadcrumbList","@id":"https:\/\/pogrzeby-marcol.pl\/?page_id=12452#breadcrumb","itemListElement":[{"@type":"ListItem","position":1,"name":"Strona g\u0142\u00f3wna","item":"http:\/\/pogrzeby-marcol.pl\/"},{"@type":"ListItem","position":2,"name":"E-klepsydra"}]},{"@type":"WebSite","@id":"http:\/\/pogrzeby-marcol.pl\/#website","url":"http:\/\/pogrzeby-marcol.pl\/","name":"Marcol","description":"Zak\u0142ad Pogrzebowy","potentialAction":[{"@type":"SearchAction","target":{"@type":"EntryPoint","urlTemplate":"http:\/\/pogrzeby-marcol.pl\/?s={search_term_string}"},"query-input":{"@type":"PropertyValueSpecification","valueRequired":true,"valueName":"search_term_string"}}],"inLanguage":"pl-PL"}]}},"_links":{"self":[{"href":"http:\/\/pogrzeby-marcol.pl\/index.php?rest_route=\/wp\/v2\/pages\/12452","targetHints":{"allow":["GET"]}}],"collection":[{"href":"http:\/\/pogrzeby-marcol.pl\/index.php?rest_route=\/wp\/v2\/pages"}],"about":[{"href":"http:\/\/pogrzeby-marcol.pl\/index.php?rest_route=\/wp\/v2\/types\/page"}],"author":[{"embeddable":true,"href":"http:\/\/pogrzeby-marcol.pl\/index.php?rest_route=\/wp\/v2\/users\/1"}],"replies":[{"embeddable":true,"href":"http:\/\/pogrzeby-marcol.pl\/index.php?rest_route=%2Fwp%2Fv2%2Fcomments&post=12452"}],"version-history":[{"count":8,"href":"http:\/\/pogrzeby-marcol.pl\/index.php?rest_route=\/wp\/v2\/pages\/12452\/revisions"}],"predecessor-version":[{"id":12814,"href":"http:\/\/pogrzeby-marcol.pl\/index.php?rest_route=\/wp\/v2\/pages\/12452\/revisions\/12814"}],"wp:attachment":[{"href":"http:\/\/pogrzeby-marcol.pl\/index.php?rest_route=%2Fwp%2Fv2%2Fmedia&parent=12452"}],"curies":[{"name":"wp","href":"https:\/\/api.w.org\/{rel}","templated":true}]}}